{"id":8,"date":"2016-09-15T16:04:51","date_gmt":"2016-09-15T16:04:51","guid":{"rendered":"http:\/\/www.restauranteescalo.com\/formentera\/?page_id=8"},"modified":"2016-10-05T09:45:11","modified_gmt":"2016-10-05T09:45:11","slug":"nuestra-carta","status":"publish","type":"page","link":"https:\/\/www.restauranteescalo.com\/formentera\/nuestra-carta\/","title":{"rendered":"Nuestra Carta"},"content":{"rendered":"[mk_page_section bg_image=\u00bbhttp:\/\/www.restauranteescalo.com\/formentera\/wp-content\/uploads\/2016\/09\/IMG_7615.lala_.jpg\u00bb bg_position=\u00bbcenter center\u00bb bg_stretch=\u00bbtrue\u00bb bg_gradient=\u00bbleft_top\u00bb min_height=\u00bb300&#8243; padding_top=\u00bb120&#8243; padding_bottom=\u00bb20&#8243; sidebar=\u00bbsidebar-1&#8243;][vc_column][vc_column_text align=\u00bbcenter\u00bb]<img loading=\"lazy\" class=\"alignnone size-full wp-image-345\" src=\"http:\/\/www.restauranteescalo.com\/formentera\/wp-content\/uploads\/2016\/09\/langosta.png\" alt=\"langosta\" width=\"357\" height=\"289\" srcset=\"https:\/\/www.restauranteescalo.com\/formentera\/wp-content\/uploads\/2016\/09\/langosta.png 357w, https:\/\/www.restauranteescalo.com\/formentera\/wp-content\/uploads\/2016\/09\/langosta-300x243.png 300w, https:\/\/www.restauranteescalo.com\/formentera\/wp-content\/uploads\/2016\/09\/langosta-321x260.png 321w\" sizes=\"(max-width: 357px) 85vw, 357px\" \/>[\/vc_column_text][mk_fancy_title color=\u00bb#ffffff\u00bb size=\u00bb42&#8243; font_weight=\u00bb400&#8243; txt_transform=\u00bbnone\u00bb font_family=\u00bbSatisfy\u00bb font_type=\u00bbgoogle\u00bb align=\u00bbcenter\u00bb]Una melod\u00eda de sabores[\/mk_fancy_title][\/vc_column][\/mk_page_section][vc_row id=\u00bbobertura\u00bb][vc_column][vc_empty_space height=\u00bb60&#8243;][\/vc_column][\/vc_row][vc_row][vc_column][vc_column_text align=\u00bbcenter\u00bb]<img loading=\"lazy\" class=\"alignnone size-full wp-image-470\" src=\"http:\/\/www.restauranteescalo.com\/formentera\/wp-content\/uploads\/2016\/09\/e1.png\" alt=\"e1\" width=\"176\" height=\"130\" \/>[\/vc_column_text][mk_fancy_title color=\u00bb#009ee0&#8243; size=\u00bb24&#8243; font_weight=\u00bb400&#8243; txt_transform=\u00bbuppercase\u00bb margin_bottom=\u00bb0&#8243; font_family=\u00bbnone\u00bb align=\u00bbcenter\u00bb]Apertura&#8230;[\/mk_fancy_title][mk_fancy_title size=\u00bb24&#8243; txt_transform=\u00bbnone\u00bb margin_bottom=\u00bb0&#8243; font_family=\u00bbSatisfy\u00bb font_type=\u00bbgoogle\u00bb align=\u00bbcenter\u00bb]Todas las historias tienen un principio, d\u00e9jese llevar.[\/mk_fancy_title][vc_empty_space height=\u00bb60&#8243;][vc_column_text]Podemos empezar a abrir nuestros sentidos con un plato de jam\u00f3n ib\u00e9rico cortado a mano, acompa\u00f1ado de pan de cristal y tomate fresco&#8230; O nuestra delicatessen de tostadas de sobrasada con queso de cabra fundido y reducci\u00f3n de higos secos de Formentera.<\/p>\n<p>Y porque no sorprenderte con un capricho EN K OSCIETRE 15gr de delicado caviar maridado con vodka BELUGA&#8230;<\/p>\n<p>Seguimos disfrutando, levantamos la cabeza miramos a nuestro alrededor, olemos la suave brisa del mar y seguimos con nuestros<\/p>\n<p><strong>ENTRANTES:<\/strong><\/p>\n<p>\u00b7 Mejillones de roca a la plancha.<\/p>\n<p>\u00b7 Chipirones a la andaluza.<\/p>\n<p>\u00b7 Calamares a la andaluza.<\/p>\n<p>\u00b7 Almejas a la marinera.<\/p>\n<p>\u00b7 Boquerones adobados y fritos.<\/p>\n<p>\u00b7 Gambas a la plancha (siempre frescas y de la isla).<\/p>\n<p>\u00b7 Ceviche.<\/p>\n<p>\u00b7 Gambas al ajillo (se sirven peladas).<\/p>\n<p>\u00b7 Salmorejo con virutas de jam\u00f3n ib\u00e9rico y miniaturas de huevo cocido de pay\u00e9s.<\/p>\n<p>\u00b7 Jam\u00f3n 100% ib\u00e9rico.<\/p>\n<p>\u00b7 Ensalada variada.<\/p>\n<p>\u00b7 Ensalada Es Cal\u00f3.<\/p>\n<p>\u00b7 Ensalada payesa (la tradici\u00f3n en el plato).<\/p>\n<p>\u00b7 Ensalada de tomate, cebolla y ventresca de at\u00fan.<\/p>\n<p>\u00b7 Ensalada de tomate, ajo y Peix Sec.<\/p>\n<p>\u00b7 Ensalada de aguacate con vinagreta de mostaza[\/vc_column_text][\/vc_column][\/vc_row][vc_row id=\u00bbsegundos\u00bb][vc_column][vc_empty_space height=\u00bb60&#8243;][\/vc_column][\/vc_row][vc_row][vc_column][vc_column_text align=\u00bbcenter\u00bb]<img loading=\"lazy\" class=\"alignnone size-full wp-image-472\" src=\"http:\/\/www.restauranteescalo.com\/formentera\/wp-content\/uploads\/2016\/09\/paella.png\" alt=\"paella\" width=\"277\" height=\"130\" \/>[\/vc_column_text][mk_fancy_title color=\u00bb#009ee0&#8243; size=\u00bb24&#8243; font_weight=\u00bb400&#8243; txt_transform=\u00bbuppercase\u00bb margin_bottom=\u00bb0&#8243; font_family=\u00bbnone\u00bb align=\u00bbcenter\u00bb]Segundo acto[\/mk_fancy_title][mk_fancy_title size=\u00bb24&#8243; txt_transform=\u00bbnone\u00bb margin_bottom=\u00bb0&#8243; font_family=\u00bbSatisfy\u00bb font_type=\u00bbgoogle\u00bb align=\u00bbcenter\u00bb]Se oye el murmullo de las olas.[\/mk_fancy_title][vc_empty_space height=\u00bb60&#8243;][vc_row_inner][vc_column_inner width=\u00bb1\/2&#8243;][vc_column_text]<strong>PESCADO FRESCO<\/strong><\/p>\n<p>\u00b7 Dorada o lubina salvaje a la sal o al horno.<\/p>\n<p>\u00b7 Sirvia a la plancha.<\/p>\n<p>\u00b7 Dorada a la sal.<\/p>\n<p>\u00b7 Pescado del d\u00eda a la plancha.<\/p>\n<p>\u00b7 Pescado del d\u00eda al horno.<\/p>\n<p>\u00b7 \u201cBullit\u201d de pescados varios acabado con arroz a banda<br \/>\n(m\u00ednimo dos personas).<\/p>\n<p><strong>NUESTROS ARROCES<br \/>\n<\/strong>(m\u00ednimo dos personas)<\/p>\n<p>\u00b7 Paella.<\/p>\n<p>\u00b7 Paella mixta.<\/p>\n<p>\u00b7 Paella de pescado.<\/p>\n<p>\u00b7 Paella de langosta (mire nuestro vivero). s\/pm<\/p>\n<p>\u00b7 Arroz negro.<\/p>\n<p>\u00b7 Arroz ciego de pescado.<\/p>\n<p>\u00b7 Fideu\u00e1.<\/p>\n<p><strong>ARROCES CALDOSOS<\/strong><\/p>\n<p>\u00b7 Arroz a la marinera.<\/p>\n<p>\u00b7 Arroz de bogavante.[\/vc_column_text][\/vc_column_inner][vc_column_inner width=\u00bb1\/2&#8243;][vc_column_text]<strong>NUESTRAS\u00a0CARNES<\/strong><\/p>\n<p>\u00b7 Solomillo de ternera a la plancha.<\/p>\n<p>\u00b7 Entrecot a la plancha.<br \/>\n<em>Ba\u00f1ados si lo quieren con salsa a la pimienta o al roquefort.<\/em><\/p>\n<p>\u00b7 Paletilla de cordero al horno.<\/p>\n<p>\u00b7 Pollo al horno.<\/p>\n<p>\u00b7 \u201cChulet\u00f3n\u201d de ternera a la piedra<br \/>\n(m\u00ednimo dos personas).<\/p>\n<p><strong>PARA LOS M\u00c1S PEQUE\u00d1OS<\/strong><\/p>\n<p>\u00b7 Espaguettis a la bolo\u00f1esa.<\/p>\n<p>\u00b7 Escalope a la milanesa.<\/p>\n<p>&nbsp;<\/p>\n<p><em>\u00b7 Servicio (pan y allioli) &#8211;\u00a0Pan sin gluten y allioli.<\/em>[\/vc_column_text][\/vc_column_inner][\/vc_row_inner][\/vc_column][\/vc_row][vc_row id=\u00bbpostres\u00bb][vc_column][vc_empty_space height=\u00bb60&#8243;][\/vc_column][\/vc_row][vc_row][vc_column][vc_column_text align=\u00bbcenter\u00bb]<img loading=\"lazy\" class=\"alignnone wp-image-477 size-full\" src=\"http:\/\/www.restauranteescalo.com\/formentera\/wp-content\/uploads\/2016\/09\/pastel.png\" alt=\"pastel\" width=\"160\" height=\"130\" \/>[\/vc_column_text][mk_fancy_title color=\u00bb#009ee0&#8243; size=\u00bb24&#8243; font_weight=\u00bb400&#8243; txt_transform=\u00bbuppercase\u00bb margin_bottom=\u00bb0&#8243; font_family=\u00bbnone\u00bb align=\u00bbcenter\u00bb]\u00daltimo acto.[\/mk_fancy_title][mk_fancy_title size=\u00bb24&#8243; txt_transform=\u00bbnone\u00bb margin_bottom=\u00bb0&#8243; font_family=\u00bbSatisfy\u00bb font_type=\u00bbgoogle\u00bb align=\u00bbcenter\u00bb]Suena una dulce melod\u00eda.[\/mk_fancy_title][vc_empty_space height=\u00bb60&#8243;][vc_column_text]<strong>HELADOS CASEROS<\/strong><\/p>\n<p>\u00b7 Perfecto de turr\u00f3n sobre chocolate caliente.<\/p>\n<p>\u00b7 Biscuit de higo con crema pastelera fr\u00eda.<\/p>\n<p><strong>POSTRES DE CASA<\/strong><\/p>\n<p>\u00b7 Crema catalana.<\/p>\n<p>\u00b7 Helado de vainilla con toffee<\/p>\n<p>\u00b7 Graixonera.<\/p>\n<p>\u00b7 Flan de higos.<\/p>\n<p>\u00b7 Flan de caf\u00e9.<\/p>\n<p>\u00b7 Tarta de queso con salsa de ar\u00e1ndanos.<\/p>\n<p>\u00b7 Tarta de queso curado.<\/p>\n<p>\u00b7 Fresas a la pimienta con espuma de nata.<\/p>\n<p>\u00b7 Corazones de chocolate.<\/p>\n<p><strong>FRUTA FRESCA<\/strong><\/p>\n<p>\u00b7 Pi\u00f1a natural.<\/p>\n<p>\u00b7 Mel\u00f3n.<\/p>\n<p><strong>Y si todav\u00eda queda vino, \u00bfPorqu\u00e9 no una tabla de quesos variada para acabar de disfrutar de las \u00faltima notas?<\/strong><\/p>\n<p>* Tambi\u00e9n pueden preguntar por nuestro maridaje de vinos dulces.[\/vc_column_text][\/vc_column][\/vc_row][vc_row][vc_column][vc_empty_space height=\u00bb60&#8243;][\/vc_column][\/vc_row][mk_page_section bg_image=\u00bbhttp:\/\/www.restauranteescalo.com\/formentera\/wp-content\/uploads\/2016\/09\/IMG_7584blala.jpg\u00bb bg_stretch=\u00bbtrue\u00bb min_height=\u00bb710&#8243; padding_top=\u00bb0&#8243; padding_bottom=\u00bb0&#8243; top_shape_size=\u00bbsmall\u00bb top_shape_color=\u00bb#ffffff\u00bb has_bottom_shape_divider=\u00bbtrue\u00bb bottom_shape_size=\u00bbsmall\u00bb bottom_shape_color=\u00bb#ffffff\u00bb sidebar=\u00bbsidebar-1&#8243;][vc_column][vc_empty_space height=\u00bb80&#8243;][vc_row_inner][vc_column_inner width=\u00bb2\/3&#8243;][mk_fancy_title tag_name=\u00bbh3&#8243; color=\u00bb#ffffff\u00bb size=\u00bb18&#8243; font_weight=\u00bbbold\u00bb txt_transform=\u00bbnone\u00bb font_family=\u00bbnone\u00bb]<em>\u201cNosotros intentamos que la orquesta est\u00e9 afinada, pero finalmente le corresponde a usted crear una melod\u00eda acorde a su buen gusto. Muchas gracias.\u201d<\/em><\/p>\n<p>&nbsp;<\/p>\n<p>To\u00f1i Iba\u00f1ez, CHEF DE ES CAL\u00d3[\/mk_fancy_title][\/vc_column_inner][vc_column_inner width=\u00bb1\/3&#8243;][\/vc_column_inner][\/vc_row_inner][\/vc_column][\/mk_page_section][vc_row][vc_column][vc_empty_space height=\u00bb80px\u00bb][mk_fancy_title tag_name=\u00bbh3&#8243; size=\u00bb18&#8243; font_weight=\u00bb400&#8243; txt_transform=\u00bbnone\u00bb font_family=\u00bbnone\u00bb align=\u00bbcenter\u00bb]<strong>www.restauranteescalo.com | <\/strong>Una sinfon\u00eda grastron\u00f3mica tambi\u00e9n en las redes sociales[\/mk_fancy_title][vc_column_text align=\u00bbcenter\u00bb]<a href=\"https:\/\/www.facebook.com\/RestaurantEsCalo\" target=\"_blank\"><img loading=\"lazy\" class=\"fade alignnone wp-image-122 size-full\" src=\"http:\/\/www.restauranteescalo.com\/formentera\/wp-content\/uploads\/2016\/09\/i1.png\" alt=\"i1\" width=\"36\" height=\"32\" \/><\/a>\u00a0\u00a0\u00a0 <a href=\"https:\/\/twitter.com\/restauranescalo\" target=\"_blank\"><img loading=\"lazy\" class=\"fade alignnone wp-image-123 size-full\" src=\"http:\/\/www.restauranteescalo.com\/formentera\/wp-content\/uploads\/2016\/09\/i2.png\" alt=\"i2\" width=\"36\" height=\"32\" \/><\/a>\u00a0\u00a0\u00a0<a href=\"https:\/\/www.tripadvisor.es\/Restaurant_Review-g3373401-d3372861-Reviews-Es_Calo_Restaurant-Calo_de_Sant_Agusti_Formentera_Balearic_Islands.html\" target=\"_blank\"><img loading=\"lazy\" class=\"fade alignnone wp-image-124 size-full\" src=\"http:\/\/www.restauranteescalo.com\/formentera\/wp-content\/uploads\/2016\/09\/i3.png\" alt=\"i3\" width=\"36\" height=\"32\" \/><\/a>\u00a0\u00a0\u00a0<a href=\"https:\/\/www.instagram.com\/restaurant_escalo\/\" target=\"_blank\"><img loading=\"lazy\" class=\"fade alignnone wp-image-125 size-full\" src=\"http:\/\/www.restauranteescalo.com\/formentera\/wp-content\/uploads\/2016\/09\/i4.png\" alt=\"i4\" width=\"36\" height=\"32\" \/><\/a>\u00a0\u00a0\u00a0<a href=\"https:\/\/vimeo.com\/user14272299\" target=\"_blank\"><img loading=\"lazy\" class=\"fade alignnone wp-image-127 size-full\" src=\"http:\/\/www.restauranteescalo.com\/formentera\/wp-content\/uploads\/2016\/09\/i6.png\" alt=\"i6\" width=\"36\" height=\"32\" \/><\/a>\u00a0\u00a0\u00a0<a href=\"https:\/\/es.pinterest.com\/escalorest\/boards\/\" target=\"_blank\"><img loading=\"lazy\" class=\"fade alignnone wp-image-128 size-full\" src=\"http:\/\/www.restauranteescalo.com\/formentera\/wp-content\/uploads\/2016\/09\/i7.png\" alt=\"i7\" width=\"36\" height=\"32\" \/><\/a>[\/vc_column_text][vc_empty_space height=\u00bb80px\u00bb][\/vc_column][\/vc_row]\n","protected":false},"excerpt":{"rendered":"<p>[mk_page_section bg_image=\u00bbhttp:\/\/www.restauranteescalo.com\/formentera\/wp-content\/uploads\/2016\/09\/IMG_7615.lala_.jpg\u00bb bg_position=\u00bbcenter center\u00bb bg_stretch=\u00bbtrue\u00bb bg_gradient=\u00bbleft_top\u00bb min_height=\u00bb300&#8243; padding_top=\u00bb120&#8243; padding_bottom=\u00bb20&#8243; sidebar=\u00bbsidebar-1&#8243;][vc_column][vc_column_text align=\u00bbcenter\u00bb][\/vc_column_text][mk_fancy_title color=\u00bb#ffffff\u00bb size=\u00bb42&#8243; font_weight=\u00bb400&#8243; txt_transform=\u00bbnone\u00bb font_family=\u00bbSatisfy\u00bb font_type=\u00bbgoogle\u00bb align=\u00bbcenter\u00bb]Una melod\u00eda de sabores[\/mk_fancy_title][\/vc_column][\/mk_page_section][vc_row id=\u00bbobertura\u00bb][vc_column][vc_empty_space height=\u00bb60&#8243;][\/vc_column][\/vc_row][vc_row][vc_column][vc_column_text align=\u00bbcenter\u00bb][\/vc_column_text][mk_fancy_title color=\u00bb#009ee0&#8243; size=\u00bb24&#8243; font_weight=\u00bb400&#8243; txt_transform=\u00bbuppercase\u00bb margin_bottom=\u00bb0&#8243; font_family=\u00bbnone\u00bb align=\u00bbcenter\u00bb]Apertura&#8230;[\/mk_fancy_title][mk_fancy_title size=\u00bb24&#8243; txt_transform=\u00bbnone\u00bb margin_bottom=\u00bb0&#8243; font_family=\u00bbSatisfy\u00bb font_type=\u00bbgoogle\u00bb align=\u00bbcenter\u00bb]Todas las historias tienen un principio, d\u00e9jese llevar.[\/mk_fancy_title][vc_empty_space height=\u00bb60&#8243;][vc_column_text]Podemos empezar a abrir nuestros sentidos con un plato de jam\u00f3n [&hellip;]<\/p>\n","protected":false},"author":1,"featured_media":0,"parent":0,"menu_order":0,"comment_status":"open","ping_status":"open","template":"","meta":[],"_links":{"self":[{"href":"https:\/\/www.restauranteescalo.com\/formentera\/wp-json\/wp\/v2\/pages\/8"}],"collection":[{"href":"https:\/\/www.restauranteescalo.com\/formentera\/wp-json\/wp\/v2\/pages"}],"about":[{"href":"https:\/\/www.restauranteescalo.com\/formentera\/wp-json\/wp\/v2\/types\/page"}],"author":[{"embeddable":true,"href":"https:\/\/www.restauranteescalo.com\/formentera\/wp-json\/wp\/v2\/users\/1"}],"replies":[{"embeddable":true,"href":"https:\/\/www.restauranteescalo.com\/formentera\/wp-json\/wp\/v2\/comments?post=8"}],"version-history":[{"count":67,"href":"https:\/\/www.restauranteescalo.com\/formentera\/wp-json\/wp\/v2\/pages\/8\/revisions"}],"predecessor-version":[{"id":563,"href":"https:\/\/www.restauranteescalo.com\/formentera\/wp-json\/wp\/v2\/pages\/8\/revisions\/563"}],"wp:attachment":[{"href":"https:\/\/www.restauranteescalo.com\/formentera\/wp-json\/wp\/v2\/media?parent=8"}],"curies":[{"name":"wp","href":"https:\/\/api.w.org\/{rel}","templated":true}]}}