{"id":4,"date":"2016-09-15T16:04:12","date_gmt":"2016-09-15T16:04:12","guid":{"rendered":"http:\/\/www.restauranteescalo.com\/formentera\/?page_id=4"},"modified":"2018-09-26T08:11:09","modified_gmt":"2018-09-26T08:11:09","slug":"inicio","status":"publish","type":"page","link":"https:\/\/www.restauranteescalo.com\/formentera\/","title":{"rendered":"Inicio"},"content":{"rendered":"[vc_row fullwidth=\u00bbtrue\u00bb][vc_column css=\u00bb.vc_custom_1474271344284{margin-bottom: -35px !important;}\u00bb][rev_slider_vc alias=\u00bbcab1&#8243;][\/vc_column][\/vc_row][vc_row fullwidth=\u00bbtrue\u00bb][vc_column][mk_animated_columns column_height=\u00bb280&#8243; column_number=\u00bb3&#8243; order=\u00bbASC\u00bb orderby=\u00bbpost__in\u00bb title_size=\u00bb24&#8243; border_color=\u00bb#cccccc\u00bb bg_hover_color=\u00bb#cfe6ff\u00bb icon_size=\u00bb128&#8243; txt_color=\u00bb#009ee0&#8243; txt_hover_color=\u00bb#000000&#8243; btn_hover_color=\u00bb#2980b9&#8243; btn_hover_txt_color=\u00bb#ffffff\u00bb][\/vc_column][\/vc_row][mk_page_section bg_image=\u00bbhttp:\/\/www.restauranteescalo.com\/formentera\/wp-content\/uploads\/2016\/09\/P1011622c.jpg\u00bb bg_stretch=\u00bbtrue\u00bb bg_video=\u00bbyes\u00bb mp4=\u00bbhttp:\/\/www.restauranteescalo.com\/formentera\/wp-content\/uploads\/2016\/09\/def1.mp4&#8243; min_height=\u00bb700&#8243; padding_top=\u00bb0&#8243; padding_bottom=\u00bb0&#8243; top_shape_color=\u00bb#ffffff\u00bb bottom_shape_size=\u00bbsmall\u00bb bottom_shape_color=\u00bb#ffffff\u00bb sidebar=\u00bbsidebar-1&#8243;][vc_column][vc_empty_space height=\u00bb60px\u00bb][vc_row_inner][vc_column_inner width=\u00bb1\/2&#8243;][\/vc_column_inner][vc_column_inner width=\u00bb1\/2&#8243;][mk_fancy_title color=\u00bb#ffffff\u00bb size=\u00bb46&#8243; line_height=\u00bb50&#8243; font_weight=\u00bb400&#8243; txt_transform=\u00bbnone\u00bb margin_bottom=\u00bb0&#8243; font_family=\u00bbnone\u00bb]Restaurante Es Cal\u00f3[\/mk_fancy_title][mk_fancy_title tag_name=\u00bbh3&#8243; color=\u00bb#ffffff\u00bb size=\u00bb20&#8243; font_weight=\u00bbbold\u00bb txt_transform=\u00bbnone\u00bb margin_top=\u00bb20&#8243; margin_bottom=\u00bb0&#8243; font_family=\u00bbnone\u00bb]<span class=\"txt-gris-claro\">El marinaje perfecto entre paisaje y gastronom\u00eda<\/span>[\/mk_fancy_title][mk_fancy_title tag_name=\u00bbh3&#8243; color=\u00bb#ffffff\u00bb size=\u00bb16&#8243; font_weight=\u00bbbold\u00bb txt_transform=\u00bbnone\u00bb font_family=\u00bbnone\u00bb]Bienvenidos a este mundo de sabores creado desde la ilusi\u00f3n de un grupo de profesionales de la hosteleria en Es Cal\u00f3.<\/p>\n[mk_padding_divider size=\u00bb20&#8243;]\n<p>Si observa el exterior, descubrir\u00e1 un entorno m\u00e1gico donde el mar y las rocas de La Mola dibujan una peque\u00f1a cala, llamada Es Cal\u00f3.<\/p>\n<p>Este singular paisaje nos obliga a ofrecerle una sinfon\u00eda gastron\u00f3mica digna de \u00e9l y de lo que usted espera de nosotros.[\/mk_fancy_title][\/vc_column_inner][\/vc_row_inner][\/vc_column][\/mk_page_section][vc_row][vc_column][vc_empty_space height=\u00bb80px\u00bb][mk_fancy_title tag_name=\u00bbh3&#8243; size=\u00bb18&#8243; font_weight=\u00bb400&#8243; txt_transform=\u00bbnone\u00bb font_family=\u00bbnone\u00bb align=\u00bbcenter\u00bb]<strong>www.restauranteescalo.com | <\/strong>Una sinfon\u00eda gastron\u00f3mica tambi\u00e9n en las redes sociales[\/mk_fancy_title][vc_column_text align=\u00bbcenter\u00bb]<a href=\"https:\/\/www.facebook.com\/RestaurantEsCalo\" target=\"_blank\"><img loading=\"lazy\" class=\"fade alignnone wp-image-122 size-full\" src=\"http:\/\/www.restauranteescalo.com\/formentera\/wp-content\/uploads\/2016\/09\/i1.png\" alt=\"i1\" width=\"36\" height=\"32\" \/><\/a>\u00a0\u00a0\u00a0 <a href=\"https:\/\/twitter.com\/restauranescalo\" target=\"_blank\"><img loading=\"lazy\" class=\"fade alignnone wp-image-123 size-full\" src=\"http:\/\/www.restauranteescalo.com\/formentera\/wp-content\/uploads\/2016\/09\/i2.png\" alt=\"i2\" width=\"36\" height=\"32\" \/><\/a>\u00a0\u00a0\u00a0<a href=\"https:\/\/www.tripadvisor.es\/Restaurant_Review-g3373401-d3372861-Reviews-Es_Calo_Restaurant-Calo_de_Sant_Agusti_Formentera_Balearic_Islands.html\" target=\"_blank\"><img loading=\"lazy\" class=\"fade alignnone wp-image-124 size-full\" src=\"http:\/\/www.restauranteescalo.com\/formentera\/wp-content\/uploads\/2016\/09\/i3.png\" alt=\"i3\" width=\"36\" height=\"32\" \/><\/a>\u00a0\u00a0\u00a0<a href=\"https:\/\/www.instagram.com\/restaurant_escalo\/\" target=\"_blank\"><img loading=\"lazy\" class=\"fade alignnone wp-image-125 size-full\" src=\"http:\/\/www.restauranteescalo.com\/formentera\/wp-content\/uploads\/2016\/09\/i4.png\" alt=\"i4\" width=\"36\" height=\"32\" \/><\/a>\u00a0\u00a0\u00a0<a href=\"https:\/\/vimeo.com\/user14272299\" target=\"_blank\"><img loading=\"lazy\" class=\"fade alignnone wp-image-127 size-full\" src=\"http:\/\/www.restauranteescalo.com\/formentera\/wp-content\/uploads\/2016\/09\/i6.png\" alt=\"i6\" width=\"36\" height=\"32\" \/><\/a>\u00a0\u00a0\u00a0<a href=\"https:\/\/es.pinterest.com\/escalorest\/boards\/\" target=\"_blank\"><img loading=\"lazy\" class=\"fade alignnone wp-image-128 size-full\" src=\"http:\/\/www.restauranteescalo.com\/formentera\/wp-content\/uploads\/2016\/09\/i7.png\" alt=\"i7\" width=\"36\" height=\"32\" \/><\/a>[\/vc_column_text][vc_empty_space height=\u00bb80px\u00bb][\/vc_column][\/vc_row]\n","protected":false},"excerpt":{"rendered":"<p>[vc_row fullwidth=\u00bbtrue\u00bb][vc_column css=\u00bb.vc_custom_1474271344284{margin-bottom: -35px !important;}\u00bb][rev_slider_vc alias=\u00bbcab1&#8243;][\/vc_column][\/vc_row][vc_row fullwidth=\u00bbtrue\u00bb][vc_column][mk_animated_columns column_height=\u00bb280&#8243; column_number=\u00bb3&#8243; order=\u00bbASC\u00bb orderby=\u00bbpost__in\u00bb title_size=\u00bb24&#8243; border_color=\u00bb#cccccc\u00bb bg_hover_color=\u00bb#cfe6ff\u00bb icon_size=\u00bb128&#8243; txt_color=\u00bb#009ee0&#8243; txt_hover_color=\u00bb#000000&#8243; btn_hover_color=\u00bb#2980b9&#8243; btn_hover_txt_color=\u00bb#ffffff\u00bb][\/vc_column][\/vc_row][mk_page_section bg_image=\u00bbhttp:\/\/www.restauranteescalo.com\/formentera\/wp-content\/uploads\/2016\/09\/P1011622c.jpg\u00bb bg_stretch=\u00bbtrue\u00bb bg_video=\u00bbyes\u00bb mp4=\u00bbhttp:\/\/www.restauranteescalo.com\/formentera\/wp-content\/uploads\/2016\/09\/def1.mp4&#8243; min_height=\u00bb700&#8243; padding_top=\u00bb0&#8243; padding_bottom=\u00bb0&#8243; top_shape_color=\u00bb#ffffff\u00bb bottom_shape_size=\u00bbsmall\u00bb bottom_shape_color=\u00bb#ffffff\u00bb sidebar=\u00bbsidebar-1&#8243;][vc_column][vc_empty_space height=\u00bb60px\u00bb][vc_row_inner][vc_column_inner width=\u00bb1\/2&#8243;][\/vc_column_inner][vc_column_inner width=\u00bb1\/2&#8243;][mk_fancy_title color=\u00bb#ffffff\u00bb size=\u00bb46&#8243; line_height=\u00bb50&#8243; font_weight=\u00bb400&#8243; txt_transform=\u00bbnone\u00bb margin_bottom=\u00bb0&#8243; font_family=\u00bbnone\u00bb]Restaurante Es Cal\u00f3[\/mk_fancy_title][mk_fancy_title tag_name=\u00bbh3&#8243; color=\u00bb#ffffff\u00bb size=\u00bb20&#8243; font_weight=\u00bbbold\u00bb txt_transform=\u00bbnone\u00bb margin_top=\u00bb20&#8243; margin_bottom=\u00bb0&#8243; font_family=\u00bbnone\u00bb]El marinaje perfecto entre paisaje y [&hellip;]<\/p>\n","protected":false},"author":1,"featured_media":0,"parent":0,"menu_order":0,"comment_status":"open","ping_status":"open","template":"","meta":[],"_links":{"self":[{"href":"https:\/\/www.restauranteescalo.com\/formentera\/wp-json\/wp\/v2\/pages\/4"}],"collection":[{"href":"https:\/\/www.restauranteescalo.com\/formentera\/wp-json\/wp\/v2\/pages"}],"about":[{"href":"https:\/\/www.restauranteescalo.com\/formentera\/wp-json\/wp\/v2\/types\/page"}],"author":[{"embeddable":true,"href":"https:\/\/www.restauranteescalo.com\/formentera\/wp-json\/wp\/v2\/users\/1"}],"replies":[{"embeddable":true,"href":"https:\/\/www.restauranteescalo.com\/formentera\/wp-json\/wp\/v2\/comments?post=4"}],"version-history":[{"count":95,"href":"https:\/\/www.restauranteescalo.com\/formentera\/wp-json\/wp\/v2\/pages\/4\/revisions"}],"predecessor-version":[{"id":558,"href":"https:\/\/www.restauranteescalo.com\/formentera\/wp-json\/wp\/v2\/pages\/4\/revisions\/558"}],"wp:attachment":[{"href":"https:\/\/www.restauranteescalo.com\/formentera\/wp-json\/wp\/v2\/media?parent=4"}],"curies":[{"name":"wp","href":"https:\/\/api.w.org\/{rel}","templated":true}]}}