{"id":12,"date":"2016-09-15T16:05:28","date_gmt":"2016-09-15T16:05:28","guid":{"rendered":"http:\/\/www.restauranteescalo.com\/formentera\/?page_id=12"},"modified":"2016-10-05T09:39:09","modified_gmt":"2016-10-05T09:39:09","slug":"el-equipo","status":"publish","type":"page","link":"https:\/\/www.restauranteescalo.com\/formentera\/el-equipo\/","title":{"rendered":"El equipo"},"content":{"rendered":"[mk_page_section bg_image=\u00bbhttp:\/\/www.restauranteescalo.com\/formentera\/wp-content\/uploads\/2016\/09\/IMG_7680lala.jpg\u00bb bg_position=\u00bbcenter center\u00bb bg_stretch=\u00bbtrue\u00bb bg_gradient=\u00bbleft_top\u00bb min_height=\u00bb300&#8243; padding_top=\u00bb120&#8243; padding_bottom=\u00bb20&#8243; sidebar=\u00bbsidebar-1&#8243;][vc_column][vc_column_text align=\u00bbcenter\u00bb]<img loading=\"lazy\" class=\"alignnone size-full wp-image-449\" src=\"http:\/\/www.restauranteescalo.com\/formentera\/wp-content\/uploads\/2016\/09\/mero.png\" alt=\"mero\" width=\"401\" height=\"200\" srcset=\"https:\/\/www.restauranteescalo.com\/formentera\/wp-content\/uploads\/2016\/09\/mero.png 401w, https:\/\/www.restauranteescalo.com\/formentera\/wp-content\/uploads\/2016\/09\/mero-300x150.png 300w, https:\/\/www.restauranteescalo.com\/formentera\/wp-content\/uploads\/2016\/09\/mero-330x165.png 330w\" sizes=\"(max-width: 401px) 85vw, 401px\" \/>[\/vc_column_text][mk_fancy_title color=\u00bb#ffffff\u00bb size=\u00bb42&#8243; font_weight=\u00bb400&#8243; txt_transform=\u00bbnone\u00bb font_family=\u00bbSatisfy\u00bb font_type=\u00bbgoogle\u00bb align=\u00bbcenter\u00bb]M\u00e1s que un equipo, una familia[\/mk_fancy_title][\/vc_column][\/mk_page_section][vc_row][vc_column][vc_empty_space height=\u00bb60&#8243;][\/vc_column][\/vc_row][vc_row][vc_column width=\u00bb2\/3&#8243;][mk_fancy_title color=\u00bb#009ee0&#8243; size=\u00bb30&#8243; font_weight=\u00bb400&#8243; txt_transform=\u00bbnone\u00bb margin_bottom=\u00bb10&#8243; font_family=\u00bbnone\u00bb]Como notas musicales en perfecta armon\u00eda para su servicio y comodidad[\/mk_fancy_title][\/vc_column][vc_column width=\u00bb1\/3&#8243;][\/vc_column][\/vc_row][vc_row][vc_column width=\u00bb1\/2&#8243;][vc_column_text]Orgullosos de tener a un gran equipo de profesionales con a\u00f1os de experiencia en el sector de las sensaciones gastron\u00f3micas. Cocineros, ayudantes, camareros, cockteleres&#8230; todos con un \u00fanico objetivo: su disfrute, su relax, sus ganas de volver, sus ganas de aplaudir al final del acto y pensar ya es la pr\u00f3xima visita.[\/vc_column_text][\/vc_column][vc_column width=\u00bb1\/2&#8243;][vc_column_text]Todo orquestado con el buen gusto y la delicadeza de la <strong>chef To\u00f1i Iba\u00f1ez,<\/strong> que deja su marca personal en cada plato, en cada sabor que sale de las cocinas del Restaurante Es Cal\u00f3. Siempre alegre, siempre sonriente frente a los fogones de lo que es actualmente uno de los restaurantes mejor valorados de Formentera.[\/vc_column_text][\/vc_column][\/vc_row][vc_row][vc_column][mk_gallery images=\u00bb311,315,316,317,318&#8243; style=\u00bbstyle1&#8243;][\/vc_column][\/vc_row][vc_row][vc_column][vc_empty_space height=\u00bb80&#8243;][\/vc_column][\/vc_row][mk_page_section bg_image=\u00bbhttp:\/\/www.restauranteescalo.com\/formentera\/wp-content\/uploads\/2016\/09\/IMG_6926-2fon.jpg\u00bb bg_stretch=\u00bbtrue\u00bb min_height=\u00bb640&#8243; has_top_shape_divider=\u00bbtrue\u00bb top_shape_size=\u00bbsmall\u00bb top_shape_color=\u00bb#ffffff\u00bb has_bottom_shape_divider=\u00bbtrue\u00bb bottom_shape_size=\u00bbsmall\u00bb bottom_shape_color=\u00bb#ffffff\u00bb sidebar=\u00bbsidebar-1&#8243;][vc_column][\/vc_column][\/mk_page_section][vc_row][vc_column][vc_empty_space height=\u00bb80px\u00bb][mk_fancy_title tag_name=\u00bbh3&#8243; size=\u00bb18&#8243; font_weight=\u00bb400&#8243; txt_transform=\u00bbnone\u00bb font_family=\u00bbnone\u00bb align=\u00bbcenter\u00bb]<strong>www.restauranteescalo.com | <\/strong>Una sinfon\u00eda gastron\u00f3mica tambi\u00e9n en las redes sociales[\/mk_fancy_title][vc_column_text align=\u00bbcenter\u00bb]<a href=\"https:\/\/www.facebook.com\/RestaurantEsCalo\" target=\"_blank\"><img loading=\"lazy\" class=\"fade alignnone wp-image-122 size-full\" src=\"http:\/\/www.restauranteescalo.com\/formentera\/wp-content\/uploads\/2016\/09\/i1.png\" alt=\"i1\" width=\"36\" height=\"32\" \/><\/a>\u00a0\u00a0\u00a0 <a href=\"https:\/\/twitter.com\/restauranescalo\" target=\"_blank\"><img loading=\"lazy\" class=\"fade alignnone wp-image-123 size-full\" src=\"http:\/\/www.restauranteescalo.com\/formentera\/wp-content\/uploads\/2016\/09\/i2.png\" alt=\"i2\" width=\"36\" height=\"32\" \/><\/a>\u00a0\u00a0\u00a0<a href=\"https:\/\/www.tripadvisor.es\/Restaurant_Review-g3373401-d3372861-Reviews-Es_Calo_Restaurant-Calo_de_Sant_Agusti_Formentera_Balearic_Islands.html\" target=\"_blank\"><img loading=\"lazy\" class=\"fade alignnone wp-image-124 size-full\" src=\"http:\/\/www.restauranteescalo.com\/formentera\/wp-content\/uploads\/2016\/09\/i3.png\" alt=\"i3\" width=\"36\" height=\"32\" \/><\/a>\u00a0\u00a0\u00a0<a href=\"https:\/\/www.instagram.com\/restaurant_escalo\/\" target=\"_blank\"><img loading=\"lazy\" class=\"fade alignnone wp-image-125 size-full\" src=\"http:\/\/www.restauranteescalo.com\/formentera\/wp-content\/uploads\/2016\/09\/i4.png\" alt=\"i4\" width=\"36\" height=\"32\" \/><\/a>\u00a0\u00a0\u00a0<a href=\"https:\/\/vimeo.com\/user14272299\" target=\"_blank\"><img loading=\"lazy\" class=\"fade alignnone wp-image-127 size-full\" src=\"http:\/\/www.restauranteescalo.com\/formentera\/wp-content\/uploads\/2016\/09\/i6.png\" alt=\"i6\" width=\"36\" height=\"32\" \/><\/a>\u00a0\u00a0\u00a0<a href=\"https:\/\/es.pinterest.com\/escalorest\/boards\/\" target=\"_blank\"><img loading=\"lazy\" class=\"fade alignnone wp-image-128 size-full\" src=\"http:\/\/www.restauranteescalo.com\/formentera\/wp-content\/uploads\/2016\/09\/i7.png\" alt=\"i7\" width=\"36\" height=\"32\" \/><\/a>[\/vc_column_text][vc_empty_space height=\u00bb80px\u00bb][\/vc_column][\/vc_row]\n","protected":false},"excerpt":{"rendered":"<p>[mk_page_section bg_image=\u00bbhttp:\/\/www.restauranteescalo.com\/formentera\/wp-content\/uploads\/2016\/09\/IMG_7680lala.jpg\u00bb bg_position=\u00bbcenter center\u00bb bg_stretch=\u00bbtrue\u00bb bg_gradient=\u00bbleft_top\u00bb min_height=\u00bb300&#8243; padding_top=\u00bb120&#8243; padding_bottom=\u00bb20&#8243; sidebar=\u00bbsidebar-1&#8243;][vc_column][vc_column_text align=\u00bbcenter\u00bb][\/vc_column_text][mk_fancy_title color=\u00bb#ffffff\u00bb size=\u00bb42&#8243; font_weight=\u00bb400&#8243; txt_transform=\u00bbnone\u00bb font_family=\u00bbSatisfy\u00bb font_type=\u00bbgoogle\u00bb align=\u00bbcenter\u00bb]M\u00e1s que un equipo, una familia[\/mk_fancy_title][\/vc_column][\/mk_page_section][vc_row][vc_column][vc_empty_space height=\u00bb60&#8243;][\/vc_column][\/vc_row][vc_row][vc_column width=\u00bb2\/3&#8243;][mk_fancy_title color=\u00bb#009ee0&#8243; size=\u00bb30&#8243; font_weight=\u00bb400&#8243; txt_transform=\u00bbnone\u00bb margin_bottom=\u00bb10&#8243; font_family=\u00bbnone\u00bb]Como notas musicales en perfecta armon\u00eda para su servicio y comodidad[\/mk_fancy_title][\/vc_column][vc_column width=\u00bb1\/3&#8243;][\/vc_column][\/vc_row][vc_row][vc_column width=\u00bb1\/2&#8243;][vc_column_text]Orgullosos de tener a un gran equipo de profesionales con a\u00f1os de experiencia [&hellip;]<\/p>\n","protected":false},"author":1,"featured_media":0,"parent":0,"menu_order":0,"comment_status":"open","ping_status":"open","template":"","meta":[],"_links":{"self":[{"href":"https:\/\/www.restauranteescalo.com\/formentera\/wp-json\/wp\/v2\/pages\/12"}],"collection":[{"href":"https:\/\/www.restauranteescalo.com\/formentera\/wp-json\/wp\/v2\/pages"}],"about":[{"href":"https:\/\/www.restauranteescalo.com\/formentera\/wp-json\/wp\/v2\/types\/page"}],"author":[{"embeddable":true,"href":"https:\/\/www.restauranteescalo.com\/formentera\/wp-json\/wp\/v2\/users\/1"}],"replies":[{"embeddable":true,"href":"https:\/\/www.restauranteescalo.com\/formentera\/wp-json\/wp\/v2\/comments?post=12"}],"version-history":[{"count":42,"href":"https:\/\/www.restauranteescalo.com\/formentera\/wp-json\/wp\/v2\/pages\/12\/revisions"}],"predecessor-version":[{"id":551,"href":"https:\/\/www.restauranteescalo.com\/formentera\/wp-json\/wp\/v2\/pages\/12\/revisions\/551"}],"wp:attachment":[{"href":"https:\/\/www.restauranteescalo.com\/formentera\/wp-json\/wp\/v2\/media?parent=12"}],"curies":[{"name":"wp","href":"https:\/\/api.w.org\/{rel}","templated":true}]}}